{"id":36,"date":"2019-09-11T10:49:43","date_gmt":"2019-09-11T08:49:43","guid":{"rendered":"http:\/\/lozyska-plock.pl\/index.php\/home\/"},"modified":"2022-08-31T09:10:48","modified_gmt":"2022-08-31T07:10:48","slug":"strona-glowna","status":"publish","type":"page","link":"https:\/\/lozyska-plock.pl\/","title":{"rendered":"Strona g\u0142\u00f3wna"},"content":{"rendered":"\n<p>Jeste\u015bmy firm\u0105 handlow\u0105, kt\u00f3ra istnieje od 1990 roku. W naszej ofercie znajd\u0105 Pa\u0144stwo \u0142o\u017cyska oraz pasy znanych producent\u00f3w tj. <a href=\"http:\/\/www.flt.krasnik.pl\/\">PBF<\/a>, <a href=\"https:\/\/www.nskeurope.pl\/pl.html\">NSK\/PPL<\/a>, ZVL, KLF, SRBF, SANOK, PIX oraz wielu innych.<\/p>\n\n\n\n<p>Zapraszamy do zapoznania si\u0119 z aktualnymi stanami <a href=\"http:\/\/lozyska-plock.pl\/index.php\/magazyn\/\">magazynowymi<\/a> oraz <a href=\"http:\/\/lozyska-plock.pl\/index.php\/category\/oferta-specjalna\/\">ofertami specjalnymi<\/a><\/p>\n","protected":false},"excerpt":{"rendered":"<p>Jeste\u015bmy firm\u0105 handlow\u0105, kt\u00f3ra istnieje od 1990 roku. W naszej ofercie znajd\u0105 Pa\u0144stwo \u0142o\u017cyska oraz pasy znanych producent\u00f3w tj. PBF, NSK\/PPL, ZVL, KLF, SRBF, SANOK, PIX oraz wielu innych. Zapraszamy do zapoznania si\u0119 z aktualnymi stanami magazynowymi oraz ofertami specjalnymi<\/p>\n","protected":false},"author":1,"featured_media":0,"parent":0,"menu_order":0,"comment_status":"closed","ping_status":"closed","template":"template-business.php","meta":{"footnotes":""},"class_list":["post-36","page","type-page","status-publish","hentry"],"yoast_head":"<!-- This site is optimized with the Yoast SEO plugin v23.8 - https:\/\/yoast.com\/wordpress\/plugins\/seo\/ -->\n<title>\u0141o\u017cyska P\u0142ock - AGENCJA HANDLOWA \u0141O\u017bYSKA TOCZNE<\/title>\n<meta name=\"description\" content=\"Agencja Handlowa \u0141o\u017cyska Toczne Mireccy P\u0142ock - Jeste\u015bmy firm\u0105 handlow\u0105, kt\u00f3ra istnieje od 1990 roku. W naszej ofercie znajd\u0105 Pa\u0144stwo \u0142o\u017cyska oraz pasy.\" \/>\n<meta name=\"robots\" content=\"index, follow, max-snippet:-1, max-image-preview:large, max-video-preview:-1\" \/>\n<link rel=\"canonical\" href=\"http:\/\/lozyska-plock.pl\/\" \/>\n<meta property=\"og:locale\" content=\"pl_PL\" \/>\n<meta property=\"og:type\" content=\"article\" \/>\n<meta property=\"og:title\" content=\"\u0141o\u017cyska P\u0142ock - AGENCJA HANDLOWA \u0141O\u017bYSKA TOCZNE\" \/>\n<meta property=\"og:description\" content=\"Agencja Handlowa \u0141o\u017cyska Toczne Mireccy P\u0142ock - Jeste\u015bmy firm\u0105 handlow\u0105, kt\u00f3ra istnieje od 1990 roku. W naszej ofercie znajd\u0105 Pa\u0144stwo \u0142o\u017cyska oraz pasy.\" \/>\n<meta property=\"og:url\" content=\"http:\/\/lozyska-plock.pl\/\" \/>\n<meta property=\"og:site_name\" content=\"AGENCJA HANDLOWA \u0141O\u017bYSKA TOCZNE\" \/>\n<meta property=\"article:modified_time\" content=\"2022-08-31T07:10:48+00:00\" \/>\n<meta name=\"twitter:card\" content=\"summary_large_image\" \/>\n<script type=\"application\/ld+json\" class=\"yoast-schema-graph\">{\"@context\":\"https:\/\/schema.org\",\"@graph\":[{\"@type\":\"WebPage\",\"@id\":\"http:\/\/lozyska-plock.pl\/\",\"url\":\"http:\/\/lozyska-plock.pl\/\",\"name\":\"\u0141o\u017cyska P\u0142ock - AGENCJA HANDLOWA \u0141O\u017bYSKA TOCZNE\",\"isPartOf\":{\"@id\":\"http:\/\/lozyska-plock.pl\/#website\"},\"datePublished\":\"2019-09-11T08:49:43+00:00\",\"dateModified\":\"2022-08-31T07:10:48+00:00\",\"description\":\"Agencja Handlowa \u0141o\u017cyska Toczne Mireccy P\u0142ock - Jeste\u015bmy firm\u0105 handlow\u0105, kt\u00f3ra istnieje od 1990 roku. W naszej ofercie znajd\u0105 Pa\u0144stwo \u0142o\u017cyska oraz pasy.\",\"breadcrumb\":{\"@id\":\"http:\/\/lozyska-plock.pl\/#breadcrumb\"},\"inLanguage\":\"pl-PL\",\"potentialAction\":[{\"@type\":\"ReadAction\",\"target\":[\"http:\/\/lozyska-plock.pl\/\"]}]},{\"@type\":\"BreadcrumbList\",\"@id\":\"http:\/\/lozyska-plock.pl\/#breadcrumb\",\"itemListElement\":[{\"@type\":\"ListItem\",\"position\":1,\"name\":\"Strona g\u0142\u00f3wna\",\"item\":\"http:\/\/lozyska-plock.pl\/\"},{\"@type\":\"ListItem\",\"position\":2,\"name\":\"Strona g\u0142\u00f3wna\"}]},{\"@type\":\"WebSite\",\"@id\":\"http:\/\/lozyska-plock.pl\/#website\",\"url\":\"http:\/\/lozyska-plock.pl\/\",\"name\":\"AGENCJA HANDLOWA \u0141O\u017bYSKA TOCZNE\",\"description\":\"J.T.MIRECCY SP.J\",\"potentialAction\":[{\"@type\":\"SearchAction\",\"target\":{\"@type\":\"EntryPoint\",\"urlTemplate\":\"http:\/\/lozyska-plock.pl\/?s={search_term_string}\"},\"query-input\":{\"@type\":\"PropertyValueSpecification\",\"valueRequired\":true,\"valueName\":\"search_term_string\"}}],\"inLanguage\":\"pl-PL\"}]}<\/script>\n<!-- \/ Yoast SEO plugin. -->","yoast_head_json":{"title":"\u0141o\u017cyska P\u0142ock - AGENCJA HANDLOWA \u0141O\u017bYSKA TOCZNE","description":"Agencja Handlowa \u0141o\u017cyska Toczne Mireccy P\u0142ock - Jeste\u015bmy firm\u0105 handlow\u0105, kt\u00f3ra istnieje od 1990 roku. W naszej ofercie znajd\u0105 Pa\u0144stwo \u0142o\u017cyska oraz pasy.","robots":{"index":"index","follow":"follow","max-snippet":"max-snippet:-1","max-image-preview":"max-image-preview:large","max-video-preview":"max-video-preview:-1"},"canonical":"http:\/\/lozyska-plock.pl\/","og_locale":"pl_PL","og_type":"article","og_title":"\u0141o\u017cyska P\u0142ock - AGENCJA HANDLOWA \u0141O\u017bYSKA TOCZNE","og_description":"Agencja Handlowa \u0141o\u017cyska Toczne Mireccy P\u0142ock - Jeste\u015bmy firm\u0105 handlow\u0105, kt\u00f3ra istnieje od 1990 roku. W naszej ofercie znajd\u0105 Pa\u0144stwo \u0142o\u017cyska oraz pasy.","og_url":"http:\/\/lozyska-plock.pl\/","og_site_name":"AGENCJA HANDLOWA \u0141O\u017bYSKA TOCZNE","article_modified_time":"2022-08-31T07:10:48+00:00","twitter_card":"summary_large_image","schema":{"@context":"https:\/\/schema.org","@graph":[{"@type":"WebPage","@id":"http:\/\/lozyska-plock.pl\/","url":"http:\/\/lozyska-plock.pl\/","name":"\u0141o\u017cyska P\u0142ock - AGENCJA HANDLOWA \u0141O\u017bYSKA TOCZNE","isPartOf":{"@id":"http:\/\/lozyska-plock.pl\/#website"},"datePublished":"2019-09-11T08:49:43+00:00","dateModified":"2022-08-31T07:10:48+00:00","description":"Agencja Handlowa \u0141o\u017cyska Toczne Mireccy P\u0142ock - Jeste\u015bmy firm\u0105 handlow\u0105, kt\u00f3ra istnieje od 1990 roku. W naszej ofercie znajd\u0105 Pa\u0144stwo \u0142o\u017cyska oraz pasy.","breadcrumb":{"@id":"http:\/\/lozyska-plock.pl\/#breadcrumb"},"inLanguage":"pl-PL","potentialAction":[{"@type":"ReadAction","target":["http:\/\/lozyska-plock.pl\/"]}]},{"@type":"BreadcrumbList","@id":"http:\/\/lozyska-plock.pl\/#breadcrumb","itemListElement":[{"@type":"ListItem","position":1,"name":"Strona g\u0142\u00f3wna","item":"http:\/\/lozyska-plock.pl\/"},{"@type":"ListItem","position":2,"name":"Strona g\u0142\u00f3wna"}]},{"@type":"WebSite","@id":"http:\/\/lozyska-plock.pl\/#website","url":"http:\/\/lozyska-plock.pl\/","name":"AGENCJA HANDLOWA \u0141O\u017bYSKA TOCZNE","description":"J.T.MIRECCY SP.J","potentialAction":[{"@type":"SearchAction","target":{"@type":"EntryPoint","urlTemplate":"http:\/\/lozyska-plock.pl\/?s={search_term_string}"},"query-input":{"@type":"PropertyValueSpecification","valueRequired":true,"valueName":"search_term_string"}}],"inLanguage":"pl-PL"}]}},"_links":{"self":[{"href":"https:\/\/lozyska-plock.pl\/index.php\/wp-json\/wp\/v2\/pages\/36"}],"collection":[{"href":"https:\/\/lozyska-plock.pl\/index.php\/wp-json\/wp\/v2\/pages"}],"about":[{"href":"https:\/\/lozyska-plock.pl\/index.php\/wp-json\/wp\/v2\/types\/page"}],"author":[{"embeddable":true,"href":"https:\/\/lozyska-plock.pl\/index.php\/wp-json\/wp\/v2\/users\/1"}],"replies":[{"embeddable":true,"href":"https:\/\/lozyska-plock.pl\/index.php\/wp-json\/wp\/v2\/comments?post=36"}],"version-history":[{"count":3,"href":"https:\/\/lozyska-plock.pl\/index.php\/wp-json\/wp\/v2\/pages\/36\/revisions"}],"predecessor-version":[{"id":439,"href":"https:\/\/lozyska-plock.pl\/index.php\/wp-json\/wp\/v2\/pages\/36\/revisions\/439"}],"wp:attachment":[{"href":"https:\/\/lozyska-plock.pl\/index.php\/wp-json\/wp\/v2\/media?parent=36"}],"curies":[{"name":"wp","href":"https:\/\/api.w.org\/{rel}","templated":true}]}}